{"id":9409,"date":"2021-11-04T22:27:43","date_gmt":"2021-11-04T22:27:43","guid":{"rendered":"https:\/\/straznicydrzew.rzeszow.pl\/?page_id=9409"},"modified":"2022-01-08T18:08:15","modified_gmt":"2022-01-08T18:08:15","slug":"ankieta","status":"publish","type":"page","link":"https:\/\/straznicydrzew.rzeszow.pl\/index.php\/ankieta\/","title":{"rendered":"Ankieta"},"content":{"rendered":"<p>[et_pb_section fb_built=&#8221;1&#8243; admin_label=&#8221;Header&#8221; _builder_version=&#8221;4.13.1&#8243; background_image=&#8221;https:\/\/straznicydrzew.rzeszow.pl\/wp-content\/uploads\/2021\/11\/jesien_milocin_1.jpg&#8221; background_size=&#8221;contain&#8221; background_position=&#8221;top_right&#8221; transform_translate_linked=&#8221;off&#8221; z_index=&#8221;10&#8243; overflow-x=&#8221;hidden&#8221; custom_margin=&#8221;3px||3px||false|false&#8221; custom_padding=&#8221;|||||&#8221; global_colors_info=&#8221;{}&#8221;][et_pb_row _builder_version=&#8221;4.13.1&#8243; background_color=&#8221;RGBA(0,0,0,0)&#8221; background_enable_image=&#8221;off&#8221; background_size=&#8221;contain&#8221; background_position=&#8221;top_right&#8221; transform_scale_linked=&#8221;off&#8221; transform_translate_linked=&#8221;off&#8221; z_index=&#8221;10&#8243; module_alignment=&#8221;left&#8221; custom_margin=&#8221;|1221px||auto||&#8221; custom_padding=&#8221;|||10%|false|false&#8221; global_colors_info=&#8221;{}&#8221;][et_pb_column type=&#8221;4_4&#8243; _builder_version=&#8221;3.25&#8243; custom_padding=&#8221;|||&#8221; global_colors_info=&#8221;{}&#8221; custom_padding__hover=&#8221;|||&#8221;][et_pb_image src=&#8221;https:\/\/straznicydrzew.rzeszow.pl\/wp-content\/uploads\/2021\/11\/ankieta_-1.png&#8221; title_text=&#8221;ankieta_&#8221; _builder_version=&#8221;4.9.4&#8243; _module_preset=&#8221;default&#8221; background_enable_image=&#8221;off&#8221; global_colors_info=&#8221;{}&#8221;][\/et_pb_image][et_pb_text _builder_version=&#8221;4.13.1&#8243; _module_preset=&#8221;default&#8221; background_color=&#8221;rgba(255,255,255,0.76)&#8221; transform_rotate=&#8221;0deg|0deg|354deg&#8221; custom_padding=&#8221;5%|5%|5%|5%|true|true&#8221; border_radii=&#8221;on|10px|10px|10px|10px&#8221; border_width_all=&#8221;1px&#8221; box_shadow_style=&#8221;preset2&#8243; global_colors_info=&#8221;{}&#8221;]<\/p>\n<p>Witamy,<\/p>\n<p>Twoja opinia ma dla nas ogromne znaczenie!<br \/>Dlatego prosimy o wzi\u0119cie udzia\u0142u w 3-minutowej ankiecie, oceniaj\u0105cej korzystanie z naszej strony internetowej.Ma ona na celu jej udoskonalanie.<\/p>\n<p>Wszelkie zdobyte drog\u0105 bada\u0144 informacje s\u0105 poufne, tzn. pos\u0142u\u017c\u0105 jedynie do analizy zbiorczych zestawie\u0144.<\/p>\n<p>Za udzielenie rzetelnych odpowiedzi z g\u00f3ry dzi\u0119kujemy!<\/p>\n<p>&nbsp;<\/p>\n<p>Dzi\u0119kujemy!<\/p>\n<p>[\/et_pb_text][et_pb_contact_form use_spam_service=&#8221;on&#8221; recaptcha_list=&#8221;https:\/\/straznicydrzewrzeszowpl\/|https:\/\/straznicydrzewrzeszowpl\/-0&#8243; email=&#8221;straznicydrzew.rzeszow.rzecznik@gmail.com&#8221; success_message=&#8221;Dzi\u0119kujemy za przes\u0142anie ankiety&#8221; admin_label=&#8221;Formularz kontaktowy&#8221; _builder_version=&#8221;4.13.1&#8243; _module_preset=&#8221;default&#8221; _unique_id=&#8221;0104c45c-ce58-4c4b-837c-bef4bf9545bc&#8221; title_font_size=&#8221;20px&#8221; background_color=&#8221;rgba(255,255,255,0.7)&#8221; custom_button=&#8221;on&#8221; button_text_color=&#8221;#ffffff&#8221; button_bg_color=&#8221;#c3c433&#8243; custom_padding=&#8221;10%|10%|10%|10%|true|true&#8221; hover_enabled=&#8221;0&#8243; box_shadow_style=&#8221;preset2&#8243; global_colors_info=&#8221;{}&#8221; sticky_enabled=&#8221;0&#8243;][et_pb_contact_field field_id=&#8221;Name&#8221; field_title=&#8221;Imi\u0119 (mo\u017cesz nie musisz)&#8221; required_mark=&#8221;off&#8221; fullwidth_field=&#8221;on&#8221; _builder_version=&#8221;4.9.4&#8243; form_field_background_color=&#8221;#FFFFFF&#8221; form_field_text_color=&#8221;#c3c433&#8243; box_shadow_style=&#8221;preset2&#8243; global_colors_info=&#8221;{}&#8221; button_text_size__hover_enabled=&#8221;off&#8221; button_one_text_size__hover_enabled=&#8221;off&#8221; button_two_text_size__hover_enabled=&#8221;off&#8221; button_text_color__hover_enabled=&#8221;off&#8221; button_one_text_color__hover_enabled=&#8221;off&#8221; button_two_text_color__hover_enabled=&#8221;off&#8221; button_border_width__hover_enabled=&#8221;off&#8221; button_one_border_width__hover_enabled=&#8221;off&#8221; button_two_border_width__hover_enabled=&#8221;off&#8221; button_border_color__hover_enabled=&#8221;off&#8221; button_one_border_color__hover_enabled=&#8221;off&#8221; button_two_border_color__hover_enabled=&#8221;off&#8221; button_border_radius__hover_enabled=&#8221;off&#8221; button_one_border_radius__hover_enabled=&#8221;off&#8221; button_two_border_radius__hover_enabled=&#8221;off&#8221; button_letter_spacing__hover_enabled=&#8221;off&#8221; button_one_letter_spacing__hover_enabled=&#8221;off&#8221; button_two_letter_spacing__hover_enabled=&#8221;off&#8221; button_bg_color__hover_enabled=&#8221;off&#8221; button_one_bg_color__hover_enabled=&#8221;off&#8221; button_two_bg_color__hover_enabled=&#8221;off&#8221;][\/et_pb_contact_field][et_pb_contact_field field_id=&#8221;Email&#8221; field_title=&#8221;Sw\u00f3j adres mailowy (tym bardziej mo\u017cesz, a nie musisz!)&#8221; field_type=&#8221;email&#8221; required_mark=&#8221;off&#8221; fullwidth_field=&#8221;on&#8221; _builder_version=&#8221;4.9.4&#8243; form_field_background_color=&#8221;#FFFFFF&#8221; form_field_text_color=&#8221;#c3c433&#8243; box_shadow_style=&#8221;preset2&#8243; global_colors_info=&#8221;{}&#8221; button_text_size__hover_enabled=&#8221;off&#8221; button_one_text_size__hover_enabled=&#8221;off&#8221; button_two_text_size__hover_enabled=&#8221;off&#8221; button_text_color__hover_enabled=&#8221;off&#8221; button_one_text_color__hover_enabled=&#8221;off&#8221; button_two_text_color__hover_enabled=&#8221;off&#8221; button_border_width__hover_enabled=&#8221;off&#8221; button_one_border_width__hover_enabled=&#8221;off&#8221; button_two_border_width__hover_enabled=&#8221;off&#8221; button_border_color__hover_enabled=&#8221;off&#8221; button_one_border_color__hover_enabled=&#8221;off&#8221; button_two_border_color__hover_enabled=&#8221;off&#8221; button_border_radius__hover_enabled=&#8221;off&#8221; button_one_border_radius__hover_enabled=&#8221;off&#8221; button_two_border_radius__hover_enabled=&#8221;off&#8221; button_letter_spacing__hover_enabled=&#8221;off&#8221; button_one_letter_spacing__hover_enabled=&#8221;off&#8221; button_two_letter_spacing__hover_enabled=&#8221;off&#8221; button_bg_color__hover_enabled=&#8221;off&#8221; button_one_bg_color__hover_enabled=&#8221;off&#8221; button_two_bg_color__hover_enabled=&#8221;off&#8221;][\/et_pb_contact_field][et_pb_contact_field field_id=&#8221;intuicyjna&#8221; field_title=&#8221;Czy nasza strona jest wystarczaj\u0105co intuicyjna?&#8221; field_type=&#8221;radio&#8221; radio_options=&#8221;%91{%22value%22:%22Taaak!%22,%22checked%22:0,%22dragID%22:-1},{%22value%22:%22Wystarczaj\u0105co!%22,%22checked%22:0,%22dragID%22:0},{%22value%22:%22Mo\u017ce by\u0107%22,%22checked%22:0,%22dragID%22:1},{%22value%22:%22Nie za bardzo%22,%22checked%22:0,%22dragID%22:2},{%22value%22:%22Zupe\u0142nie do kitu!%22,%22checked%22:0,%22dragID%22:3}%93&#8243; required_mark=&#8221;off&#8221; _builder_version=&#8221;4.9.4&#8243; _module_preset=&#8221;default&#8221; form_field_background_color=&#8221;#FFFFFF&#8221; border_width_all=&#8221;1px&#8221; border_color_all=&#8221;#c3c433&#8243; global_colors_info=&#8221;{}&#8221;][\/et_pb_contact_field][et_pb_contact_field field_id=&#8221;interesuj\u0105ca&#8221; field_title=&#8221;Czy uda\u0142o Ci sie \u0142atwo znale\u017a\u0107 interesuj\u0105ce informacje?&#8221; field_type=&#8221;radio&#8221; radio_options=&#8221;%91{%22value%22:%22Taaak!%22,%22checked%22:0,%22dragID%22:-1},{%22value%22:%22Wiekszo\u015b\u0107%22,%22checked%22:0,%22dragID%22:0},{%22value%22:%22Mo\u017ce by\u0107%22,%22checked%22:0,%22dragID%22:1},{%22value%22:%22Nie za bardzo%22,%22checked%22:0,%22dragID%22:2},{%22value%22:%22Nie uda\u0142o!%22,%22checked%22:0,%22dragID%22:3}%93&#8243; required_mark=&#8221;off&#8221; _builder_version=&#8221;4.9.4&#8243; _module_preset=&#8221;default&#8221; form_field_background_color=&#8221;#FFFFFF&#8221; border_width_all=&#8221;1px&#8221; border_color_all=&#8221;#c3c433&#8243; global_colors_info=&#8221;{}&#8221;][\/et_pb_contact_field][et_pb_contact_field field_id=&#8221;\u0142adna&#8221; field_title=&#8221;Czy podoba Ci si\u0119 jej wygl\u0105d?&#8221; field_type=&#8221;radio&#8221; radio_options=&#8221;%91{%22value%22:%22Taaak!%22,%22checked%22:0,%22dragID%22:-1},{%22value%22:%22Wystarczaj\u0105co!%22,%22checked%22:0,%22dragID%22:0},{%22value%22:%22Mo\u017ce by\u0107%22,%22checked%22:0,%22dragID%22:1},{%22value%22:%22Nie za bardzo%22,%22checked%22:0,%22dragID%22:2},{%22value%22:%22Zupe\u0142nie do kitu!%22,%22checked%22:0,%22dragID%22:3}%93&#8243; required_mark=&#8221;off&#8221; _builder_version=&#8221;4.13.1&#8243; _module_preset=&#8221;default&#8221; form_field_background_color=&#8221;#FFFFFF&#8221; hover_enabled=&#8221;0&#8243; border_width_all=&#8221;1px&#8221; border_color_all=&#8221;#c3c433&#8243; global_colors_info=&#8221;{}&#8221; sticky_enabled=&#8221;0&#8243;][\/et_pb_contact_field][et_pb_contact_field field_id=&#8221;u\u017cyteczna&#8221; field_title=&#8221;Czy informacje i porady by\u0142y dla Ciebie u\u017cyteczne i pe\u0142ne?&#8221; field_type=&#8221;radio&#8221; radio_options=&#8221;%91{%22value%22:%22Taaak!%22,%22checked%22:0,%22dragID%22:-1},{%22value%22:%22Wystarczaj\u0105co!%22,%22checked%22:0,%22dragID%22:0},{%22value%22:%22Mo\u017ce by\u0107%22,%22checked%22:0,%22dragID%22:1},{%22value%22:%22Nie za bardzo%22,%22checked%22:0,%22dragID%22:2},{%22value%22:%22Zupe\u0142nie do kitu!%22,%22checked%22:0,%22dragID%22:3}%93&#8243; required_mark=&#8221;off&#8221; _builder_version=&#8221;4.9.4&#8243; _module_preset=&#8221;default&#8221; form_field_background_color=&#8221;#FFFFFF&#8221; border_width_all=&#8221;1px&#8221; border_color_all=&#8221;#c3c433&#8243; global_colors_info=&#8221;{}&#8221;][\/et_pb_contact_field][et_pb_contact_field field_id=&#8221;skomplikowana&#8221; field_title=&#8221;Czy korzystanie z niej nie jest zbyt skomplikowane?&#8221; field_type=&#8221;radio&#8221; radio_options=&#8221;%91{%22value%22:%22\u0141atwizna!%22,%22checked%22:0,%22dragID%22:-1},{%22value%22:%22Wystarczaj\u0105co!%22,%22checked%22:0,%22dragID%22:0},{%22value%22:%22Mo\u017ce by\u0107%22,%22checked%22:0,%22dragID%22:1},{%22value%22:%22Nie za bardzo%22,%22checked%22:0,%22dragID%22:2},{%22value%22:%22Zupe\u0142nie do kitu!%22,%22checked%22:0,%22dragID%22:3}%93&#8243; required_mark=&#8221;off&#8221; _builder_version=&#8221;4.9.4&#8243; _module_preset=&#8221;default&#8221; form_field_background_color=&#8221;#FFFFFF&#8221; border_width_all=&#8221;1px&#8221; border_color_all=&#8221;#c3c433&#8243; global_colors_info=&#8221;{}&#8221;][\/et_pb_contact_field][et_pb_contact_field field_id=&#8221;polecana&#8221; field_title=&#8221;Czy  polecisz ja znajomym?&#8221; field_type=&#8221;radio&#8221; radio_options=&#8221;%91{%22value%22:%22Jasne!%22,%22checked%22:0,%22dragID%22:-1},{%22value%22:%22Zastanowi\u0119 si\u0119!%22,%22checked%22:0,%22dragID%22:0},{%22value%22:%22Mo\u017ce%22,%22checked%22:0,%22dragID%22:1},{%22value%22:%22Nie za bardzo%22,%22checked%22:0,%22dragID%22:2},{%22value%22:%22Jasne, ze nie!%22,%22checked%22:0,%22dragID%22:3}%93&#8243; required_mark=&#8221;off&#8221; _builder_version=&#8221;4.9.4&#8243; _module_preset=&#8221;default&#8221; form_field_background_color=&#8221;#FFFFFF&#8221; border_width_all=&#8221;1px&#8221; border_color_all=&#8221;#c3c433&#8243; global_colors_info=&#8221;{}&#8221;][\/et_pb_contact_field][et_pb_contact_field field_id=&#8221;polecana_2&#8243; field_title=&#8221;Z jakiego urz\u0105dzenia korzystasz?&#8221; field_type=&#8221;radio&#8221; radio_options=&#8221;%91{%22value%22:%22smartfon%22,%22checked%22:0,%22dragID%22:-1},{%22value%22:%22laptop%22,%22checked%22:0,%22dragID%22:0},{%22value%22:%22desktop%22,%22checked%22:0,%22dragID%22:1},{%22value%22:%22monitor o wysokiej rozdzielczo\u015bci (powy\u017cej full hd)%22,%22checked%22:0,%22dragID%22:2}%93&#8243; required_mark=&#8221;off&#8221; _builder_version=&#8221;4.13.1&#8243; _module_preset=&#8221;default&#8221; form_field_background_color=&#8221;#FFFFFF&#8221; border_width_all=&#8221;1px&#8221; border_color_all=&#8221;#c3c433&#8243; global_colors_info=&#8221;{}&#8221;][\/et_pb_contact_field][et_pb_contact_field field_id=&#8221;Message&#8221; field_title=&#8221;Je\u017celi masz nam co\u015b dodatkowego do przekazania, to pisz \u015bmia\u0142o&#8221; field_type=&#8221;text&#8221; required_mark=&#8221;off&#8221; fullwidth_field=&#8221;on&#8221; _builder_version=&#8221;4.9.4&#8243; form_field_background_color=&#8221;#FFFFFF&#8221; form_field_text_color=&#8221;#c3c433&#8243; box_shadow_style=&#8221;preset2&#8243; global_colors_info=&#8221;{}&#8221; button_text_size__hover_enabled=&#8221;off&#8221; button_one_text_size__hover_enabled=&#8221;off&#8221; button_two_text_size__hover_enabled=&#8221;off&#8221; button_text_color__hover_enabled=&#8221;off&#8221; button_one_text_color__hover_enabled=&#8221;off&#8221; button_two_text_color__hover_enabled=&#8221;off&#8221; button_border_width__hover_enabled=&#8221;off&#8221; button_one_border_width__hover_enabled=&#8221;off&#8221; button_two_border_width__hover_enabled=&#8221;off&#8221; button_border_color__hover_enabled=&#8221;off&#8221; button_one_border_color__hover_enabled=&#8221;off&#8221; button_two_border_color__hover_enabled=&#8221;off&#8221; button_border_radius__hover_enabled=&#8221;off&#8221; button_one_border_radius__hover_enabled=&#8221;off&#8221; button_two_border_radius__hover_enabled=&#8221;off&#8221; button_letter_spacing__hover_enabled=&#8221;off&#8221; button_one_letter_spacing__hover_enabled=&#8221;off&#8221; button_two_letter_spacing__hover_enabled=&#8221;off&#8221; button_bg_color__hover_enabled=&#8221;off&#8221; button_one_bg_color__hover_enabled=&#8221;off&#8221; button_two_bg_color__hover_enabled=&#8221;off&#8221;][\/et_pb_contact_field][\/et_pb_contact_form][et_pb_button button_url=&#8221;https:\/\/straznicydrzew.rzeszow.pl\/index.php\/polityka-prywatnosci\/&#8221; url_new_window=&#8221;on&#8221; button_text=&#8221;KLAUZULA RODO&#8221; disabled_on=&#8221;off|off|off&#8221; _builder_version=&#8221;4.13.1&#8243; _module_preset=&#8221;default&#8221; global_colors_info=&#8221;{}&#8221;][\/et_pb_button][\/et_pb_column][\/et_pb_row][\/et_pb_section][et_pb_section fb_built=&#8221;1&#8243; disabled_on=&#8221;off|off|off&#8221; admin_label=&#8221;kontakt&#8221; _builder_version=&#8221;4.13.1&#8243; _module_preset=&#8221;default&#8221; custom_margin=&#8221;||||false|false&#8221; saved_tabs=&#8221;all&#8221; global_colors_info=&#8221;{}&#8221;][et_pb_row column_structure=&#8221;3_5,2_5&#8243; _builder_version=&#8221;4.9.3&#8243; _module_preset=&#8221;default&#8221; global_colors_info=&#8221;{}&#8221;][et_pb_column type=&#8221;3_5&#8243; _builder_version=&#8221;4.9.3&#8243; _module_preset=&#8221;default&#8221; global_colors_info=&#8221;{}&#8221;][et_pb_contact_form use_spam_service=&#8221;on&#8221; recaptcha_list=&#8221;https:\/\/straznicydrzewrzeszowpl\/-0&#8243; email=&#8221;straznicydrzew.rzeszow@gmail.com &#8221; success_message=&#8221;wiadomo\u015b\u0107 wys\u0142ana&#8221; _builder_version=&#8221;4.13.1&#8243; _module_preset=&#8221;default&#8221; _unique_id=&#8221;65ba000f-9f73-46de-9a80-07e45755e306&#8243; custom_button=&#8221;on&#8221; button_text_color=&#8221;#FFFFFF&#8221; button_bg_color=&#8221;#c3c433&#8243; button_border_width=&#8221;0px&#8221; button_border_radius=&#8221;0px&#8221; button_letter_spacing=&#8221;1px&#8221; width=&#8221;100%&#8221; animation_style=&#8221;bounce&#8221; box_shadow_style_button=&#8221;preset2&#8243; global_colors_info=&#8221;{}&#8221;][et_pb_contact_field field_id=&#8221;imi\u0119&#8221; field_title=&#8221;Imi\u0119&#8221; _builder_version=&#8221;4.9.3&#8243; form_field_background_color=&#8221;#c3c433&#8243; form_field_text_color=&#8221;#FFFFFF&#8221; form_field_font_size=&#8221;20px&#8221; box_shadow_style=&#8221;preset2&#8243; global_colors_info=&#8221;{}&#8221; button_text_size__hover_enabled=&#8221;off&#8221; button_one_text_size__hover_enabled=&#8221;off&#8221; button_two_text_size__hover_enabled=&#8221;off&#8221; button_text_color__hover_enabled=&#8221;off&#8221; button_one_text_color__hover_enabled=&#8221;off&#8221; button_two_text_color__hover_enabled=&#8221;off&#8221; button_border_width__hover_enabled=&#8221;off&#8221; button_one_border_width__hover_enabled=&#8221;off&#8221; button_two_border_width__hover_enabled=&#8221;off&#8221; button_border_color__hover_enabled=&#8221;off&#8221; button_one_border_color__hover_enabled=&#8221;off&#8221; button_two_border_color__hover_enabled=&#8221;off&#8221; button_border_radius__hover_enabled=&#8221;off&#8221; button_one_border_radius__hover_enabled=&#8221;off&#8221; button_two_border_radius__hover_enabled=&#8221;off&#8221; button_letter_spacing__hover_enabled=&#8221;off&#8221; button_one_letter_spacing__hover_enabled=&#8221;off&#8221; button_two_letter_spacing__hover_enabled=&#8221;off&#8221; button_bg_color__hover_enabled=&#8221;off&#8221; button_one_bg_color__hover_enabled=&#8221;off&#8221; button_two_bg_color__hover_enabled=&#8221;off&#8221;][\/et_pb_contact_field][et_pb_contact_field field_id=&#8221;nazwisko&#8221; field_title=&#8221;Nazwisko&#8221; required_mark=&#8221;off&#8221; _builder_version=&#8221;4.9.3&#8243; _module_preset=&#8221;default&#8221; form_field_background_color=&#8221;#FFFFFF&#8221; form_field_text_color=&#8221;#c3c433&#8243; form_field_font_size=&#8221;20px&#8221; background_color=&#8221;#FFFFFF&#8221; background_enable_color=&#8221;on&#8221; box_shadow_style=&#8221;preset2&#8243; global_colors_info=&#8221;{}&#8221;][\/et_pb_contact_field][et_pb_contact_field field_id=&#8221;instytucja&#8221; field_title=&#8221;instytucja&#8221; required_mark=&#8221;off&#8221; _builder_version=&#8221;4.9.3&#8243; _module_preset=&#8221;default&#8221; form_field_background_color=&#8221;#FFFFFF&#8221; form_field_text_color=&#8221;#c3c433&#8243; form_field_font_size=&#8221;20px&#8221; background_color=&#8221;#FFFFFF&#8221; background_enable_color=&#8221;on&#8221; box_shadow_style=&#8221;preset2&#8243; global_colors_info=&#8221;{}&#8221;][\/et_pb_contact_field][et_pb_contact_field field_id=&#8221;Email&#8221; field_title=&#8221;Adres mailowy&#8221; field_type=&#8221;email&#8221; _builder_version=&#8221;4.9.3&#8243; form_field_background_color=&#8221;#c3c433&#8243; form_field_text_color=&#8221;#FFFFFF&#8221; form_field_font_size=&#8221;20px&#8221; box_shadow_style=&#8221;preset2&#8243; global_colors_info=&#8221;{}&#8221; button_text_size__hover_enabled=&#8221;off&#8221; button_one_text_size__hover_enabled=&#8221;off&#8221; button_two_text_size__hover_enabled=&#8221;off&#8221; button_text_color__hover_enabled=&#8221;off&#8221; button_one_text_color__hover_enabled=&#8221;off&#8221; button_two_text_color__hover_enabled=&#8221;off&#8221; button_border_width__hover_enabled=&#8221;off&#8221; button_one_border_width__hover_enabled=&#8221;off&#8221; button_two_border_width__hover_enabled=&#8221;off&#8221; button_border_color__hover_enabled=&#8221;off&#8221; button_one_border_color__hover_enabled=&#8221;off&#8221; button_two_border_color__hover_enabled=&#8221;off&#8221; button_border_radius__hover_enabled=&#8221;off&#8221; button_one_border_radius__hover_enabled=&#8221;off&#8221; button_two_border_radius__hover_enabled=&#8221;off&#8221; button_letter_spacing__hover_enabled=&#8221;off&#8221; button_one_letter_spacing__hover_enabled=&#8221;off&#8221; button_two_letter_spacing__hover_enabled=&#8221;off&#8221; button_bg_color__hover_enabled=&#8221;off&#8221; button_one_bg_color__hover_enabled=&#8221;off&#8221; button_two_bg_color__hover_enabled=&#8221;off&#8221;][\/et_pb_contact_field][et_pb_contact_field field_id=&#8221;Message&#8221; field_title=&#8221;Wiadomo\u015b\u0107&#8221; field_type=&#8221;text&#8221; fullwidth_field=&#8221;on&#8221; _builder_version=&#8221;4.9.3&#8243; form_field_background_color=&#8221;#c3c433&#8243; form_field_text_color=&#8221;#FFFFFF&#8221; form_field_font_size=&#8221;20px&#8221; box_shadow_style=&#8221;preset2&#8243; global_colors_info=&#8221;{}&#8221; button_text_size__hover_enabled=&#8221;off&#8221; button_one_text_size__hover_enabled=&#8221;off&#8221; button_two_text_size__hover_enabled=&#8221;off&#8221; button_text_color__hover_enabled=&#8221;off&#8221; button_one_text_color__hover_enabled=&#8221;off&#8221; button_two_text_color__hover_enabled=&#8221;off&#8221; button_border_width__hover_enabled=&#8221;off&#8221; button_one_border_width__hover_enabled=&#8221;off&#8221; button_two_border_width__hover_enabled=&#8221;off&#8221; button_border_color__hover_enabled=&#8221;off&#8221; button_one_border_color__hover_enabled=&#8221;off&#8221; button_two_border_color__hover_enabled=&#8221;off&#8221; button_border_radius__hover_enabled=&#8221;off&#8221; button_one_border_radius__hover_enabled=&#8221;off&#8221; button_two_border_radius__hover_enabled=&#8221;off&#8221; button_letter_spacing__hover_enabled=&#8221;off&#8221; button_one_letter_spacing__hover_enabled=&#8221;off&#8221; button_two_letter_spacing__hover_enabled=&#8221;off&#8221; button_bg_color__hover_enabled=&#8221;off&#8221; button_one_bg_color__hover_enabled=&#8221;off&#8221; button_two_bg_color__hover_enabled=&#8221;off&#8221;][\/et_pb_contact_field][\/et_pb_contact_form][et_pb_image src=&#8221;https:\/\/straznicydrzew.rzeszow.pl\/wp-content\/uploads\/2021\/11\/Logo-STRAZNICY_zolto-zielone_512x512.png&#8221; title_text=&#8221;Logo-STRA\u017bNICY_\u017c\u00f3\u0142to-zielone_512x512&#8243; _builder_version=&#8221;4.9.4&#8243; _module_preset=&#8221;default&#8221; width=&#8221;28%&#8221; global_colors_info=&#8221;{}&#8221;][\/et_pb_image][\/et_pb_column][et_pb_column type=&#8221;2_5&#8243; _builder_version=&#8221;4.9.3&#8243; _module_preset=&#8221;default&#8221; global_colors_info=&#8221;{}&#8221;][et_pb_text _builder_version=&#8221;4.9.3&#8243; _module_preset=&#8221;default&#8221; text_text_color=&#8221;#c3c433&#8243; text_font_size=&#8221;17px&#8221; text_line_height=&#8221;3em&#8221; header_text_color=&#8221;#c3c433&#8243; header_3_text_color=&#8221;#c3c433&#8243; background_color=&#8221;#FFFFFF&#8221; custom_padding=&#8221;10%|10%||10%|false|true&#8221; box_shadow_style=&#8221;preset2&#8243; global_colors_info=&#8221;{}&#8221;]<\/p>\n<h3 style=\"text-align: center;\"><strong>Stra\u017cnicy Drzew w Rzeszowie<\/strong><\/h3>\n<p style=\"text-align: center;\"><strong>tel. 728 082 963<br \/>straznicydrzew.rzeszow@gmail.com<br \/><a href=\"http:\/\/www.straznicydrzew.rzeszow.pl\">www.straznicydrzew.rzeszow.pl<\/a><\/strong><\/p>\n<p style=\"text-align: center;\"><strong><\/strong><\/p>\n<p>[\/et_pb_text][et_pb_image src=&#8221;https:\/\/straznicydrzew.rzeszow.pl\/wp-content\/uploads\/2021\/04\/Active-citizens-fund_White.svg&#8221; title_text=&#8221;Active-citizens-fund_White&#8221; _builder_version=&#8221;4.9.3&#8243; _module_preset=&#8221;default&#8221; background_color=&#8221;#c3c433&#8243; width=&#8221;100%&#8221; max_width=&#8221;100%&#8221; custom_margin=&#8221;||||false|false&#8221; custom_padding=&#8221;10%|10%|10%|10%|true|true&#8221; global_colors_info=&#8221;{}&#8221;][\/et_pb_image][et_pb_text _builder_version=&#8221;4.9.3&#8243; _module_preset=&#8221;default&#8221; text_text_color=&#8221;#c3c433&#8243; background_color=&#8221;#FFFFFF&#8221; custom_margin=&#8221;||-15%||false|false&#8221; custom_padding=&#8221;10%|10%|10%|10%|true|true&#8221; box_shadow_style=&#8221;preset2&#8243; global_colors_info=&#8221;{}&#8221;]<\/p>\n<p style=\"text-align: center;\">Witryna realizowana z dotacji programu Aktywni Obywatele \u2013 Fundusz Krajowy, finansowanego z Funduszy EOG<\/p>\n<p>[\/et_pb_text][\/et_pb_column][\/et_pb_row][\/et_pb_section]<\/p>\n","protected":false},"excerpt":{"rendered":"<p>Witamy, Twoja opinia ma dla nas ogromne znaczenie!Dlatego prosimy o wzi\u0119cie udzia\u0142u w 3-minutowej ankiecie, oceniaj\u0105cej korzystanie z naszej strony internetowej.Ma ona na celu jej udoskonalanie. Wszelkie zdobyte drog\u0105 bada\u0144 informacje s\u0105 poufne, tzn. pos\u0142u\u017c\u0105 jedynie do analizy zbiorczych zestawie\u0144. Za udzielenie rzetelnych odpowiedzi z g\u00f3ry dzi\u0119kujemy! &nbsp; Dzi\u0119kujemy!Stra\u017cnicy Drzew w Rzeszowie tel. 728 082 [&hellip;]<\/p>\n","protected":false},"author":1,"featured_media":0,"parent":0,"menu_order":0,"comment_status":"closed","ping_status":"closed","template":"","meta":{"_et_pb_use_builder":"on","_et_pb_old_content":"","_et_gb_content_width":"","footnotes":""},"class_list":["post-9409","page","type-page","status-publish","hentry"],"_links":{"self":[{"href":"https:\/\/straznicydrzew.rzeszow.pl\/index.php\/wp-json\/wp\/v2\/pages\/9409","targetHints":{"allow":["GET"]}}],"collection":[{"href":"https:\/\/straznicydrzew.rzeszow.pl\/index.php\/wp-json\/wp\/v2\/pages"}],"about":[{"href":"https:\/\/straznicydrzew.rzeszow.pl\/index.php\/wp-json\/wp\/v2\/types\/page"}],"author":[{"embeddable":true,"href":"https:\/\/straznicydrzew.rzeszow.pl\/index.php\/wp-json\/wp\/v2\/users\/1"}],"replies":[{"embeddable":true,"href":"https:\/\/straznicydrzew.rzeszow.pl\/index.php\/wp-json\/wp\/v2\/comments?post=9409"}],"version-history":[{"count":52,"href":"https:\/\/straznicydrzew.rzeszow.pl\/index.php\/wp-json\/wp\/v2\/pages\/9409\/revisions"}],"predecessor-version":[{"id":10101,"href":"https:\/\/straznicydrzew.rzeszow.pl\/index.php\/wp-json\/wp\/v2\/pages\/9409\/revisions\/10101"}],"wp:attachment":[{"href":"https:\/\/straznicydrzew.rzeszow.pl\/index.php\/wp-json\/wp\/v2\/media?parent=9409"}],"curies":[{"name":"wp","href":"https:\/\/api.w.org\/{rel}","templated":true}]}}